{"id":5029,"date":"2025-11-19T16:47:45","date_gmt":"2025-11-19T15:47:45","guid":{"rendered":"https:\/\/www.grand-massif.com\/terms-of-use\/"},"modified":"2025-12-04T09:36:33","modified_gmt":"2025-12-04T08:36:33","slug":"terms-of-use","status":"publish","type":"page","link":"https:\/\/www.grand-massif.com\/en\/terms-of-use\/","title":{"rendered":"Terms of use"},"content":{"rendered":"<div class=\"GutAccordions  GutContainer\">\n        <div class=\"GutAccordions-inner\">\n            <div class=\"GutTitle Left\">\n                                    <span class=\"GutTitle-subtitle\">www.grand-massif.com is a professional website in the sense of article 6 III-1 of the French Law on Confidence in the Digital Economy (LCEN) of 21\/06\/2004.<\/span>\n            <\/div>\n                            <div class=\"GutAccordions-list\">\n                                            <div class=\"GutAccordions-item __accordion-parent\">\n                                                            <h2 class=\"GutAccordions-title __accordion-link\">\n                                    LEGAL INFORMATION\n                                <\/h2>\n                                                                                        <div class=\"GutAccordions-text Content __accordion-content\">\n                                    <p>WEBSITE PUBLISHER:<br \/>\nGRAND MASSIF DOMAINES SKIABLES (GMDS)<br \/>\nSoci\u00e9t\u00e9 Anonyme au capital de 6 697 620 Euros<br \/>\nRegistered office: T\u00e9l\u00e9ph\u00e9rique de Flaine- Les Grandes Plati\u00e8res- Flaine- 74 300 Ar\u00e2ches la Frasse &#8211; France<br \/>\nRCS Annecy 602 056 012<br \/>\nTVA FR 15 602 056 012<br \/>\nAPE 4939C<br \/>\nTel: +33 (0)4 50 90 40 00<br \/>\nEmail: contact@grand-massif.com<\/p>\n<p>PUBLICATION DIRECTOR:<br \/>\nFr\u00e9d\u00e9ric MARION, General Manager<\/p>\n<p>WEBSITING :<br \/>\nAltimax SAS<br \/>\nSIRET : 418 666 996 000 65<br \/>\nRCS : Annecy &#8211; France<br \/>\nTVA N\u00b0 intracommunautaire : FR89 418 666 996<br \/>\nCode APE : 7022 Z<\/p>\n<p>WEBMASTER:<br \/>\nGRAND MASSIF DOMAINES SKIABLES (GMDS)<br \/>\nHead office: T\u00e9l\u00e9ph\u00e9rique de Flaine- Les Grandes Plati\u00e8res- Flaine- 74 300 Ar\u00e2ches la Frasse &#8211; France<\/p>\n<p>SITE HOST:<br \/>\nAqueos<br \/>\nAddress: 2 Bis Rue Alfred Nobel &#8211; 77420 Champs-Sur-Marne<br \/>\nTel: +33 (0)9 74 76 34 27 (non surtaxed)<br \/>\nWebsite: www.aqueos.com<\/p>\n<p>CREDITS :<\/p>\n<p>CORPORATE NAME OF WEBSITE DESIGNER AND DEVELOPER:<br \/>\nALTIMAX Company<\/p>\n<p>IMAGES:<br \/>\n\u00a9 ALCB, Studio Thierry Genand, Canal Photos, Goodshoot.com, Tristan Shu, G. Lacroix, Laurent Collinet, Agence Nuts Grenoble-SIEAGM, Office du Tourisme de Flaine-P.Cornillat, Photozoom, Pascal Lebeau, Cyril Ferrand, Laurent Collinet, Office du Tourisme de Sixt Fer \u00e0 Cheval-N.Letullier, Maison de la R\u00e9serve Naturelle Sixt Fer \u00e0 Cheval-Jean-Jos\u00e9 Richard-Pomet, Marie-Jeanne Sticker, Office du Tourisme de Samoens &#8211; Jean-Fran\u00e7ois Tanghe, Maison de l&#8217;Image-Alain Bouvet, Laurent Chatelain, Grand Massif D\u00e9veloppement, Anthony Pel &#8211; Bouilleur de photos, PVS company, Y Prod, Office de Tourisme des Carroz-Monica Dalmasso, Kaliblue, Olga Ryngert &#8211; olgavalentinphoto, Mathis Decroux &#8211; Stiga Production.<\/p>\n<p>VIDEOS:<br \/>\nRomane Villy Visuals<br \/>\nY prod<br \/>\nElevation<br \/>\nHaut Giffre Tourisme<br \/>\nMicka\u00ebl Marquaille<br \/>\nMatthias Soubeyrand<\/p>\n\n                                <\/div>\n                                                    <\/div>\n                                            <div class=\"GutAccordions-item __accordion-parent\">\n                                                            <h2 class=\"GutAccordions-title __accordion-link\">\n                                    TERMS AND CONDITIONS OF USE\n                                <\/h2>\n                                                                                <\/div>\n                                            <div class=\"GutAccordions-item __accordion-parent\">\n                                                            <h2 class=\"GutAccordions-title __accordion-link\">\n                                    1. DEFINITIONS\n                                <\/h2>\n                                                                                        <div class=\"GutAccordions-text Content __accordion-content\">\n                                    <p>Author: refers to any natural person who has created elements on this Site, in particular the tree structure, texts, plans, photos and videos.<\/p>\n<p>Browser: refers to the client software used to connect to the Site.<\/p>\n<p>Site: refers to all resources accessible under the grand-massif.com domain name.<\/p>\n<p>User: refers to the visitor to this Site and consumer of its information.<\/p>\n\n                                <\/div>\n                                                    <\/div>\n                                            <div class=\"GutAccordions-item __accordion-parent\">\n                                                            <h2 class=\"GutAccordions-title __accordion-link\">\n                                    2. COPYRIGHT\n                                <\/h2>\n                                                                                        <div class=\"GutAccordions-text Content __accordion-content\">\n                                    <p>This entire site is governed by French legislation on copyright and intellectual property.<br \/>\nThe reproduction, use and exploitation of photographs, images, plans, videos, texts, database extractions, graphic design elements and, as a general rule, all elements of the site&#8217;s publication are prohibited without the prior written consent of their authors.<\/p>\n<p>Failure to comply with this prohibition constitutes an infringement punishable by articles L 335-2 et seq. of the French Intellectual Property Code.<\/p>\n\n                                <\/div>\n                                                    <\/div>\n                                            <div class=\"GutAccordions-item __accordion-parent\">\n                                                            <h2 class=\"GutAccordions-title __accordion-link\">\n                                    3. TRADEMARK LAW\n                                <\/h2>\n                                                                                        <div class=\"GutAccordions-text Content __accordion-content\">\n                                    <p>The trademarks of the Site Editor and its partners, as well as the logos appearing on the Site, are registered trademarks. Any total or partial reproduction of these trademarks or logos, made from elements of the Site without the express written authorization of their owners, is therefore prohibited within the meaning of Article L 713-2 of the French Intellectual Property Code. <\/p>\n\n                                <\/div>\n                                                    <\/div>\n                                            <div class=\"GutAccordions-item __accordion-parent\">\n                                                            <h2 class=\"GutAccordions-title __accordion-link\">\n                                    4. LIABILITY\n                                <\/h2>\n                                                                                        <div class=\"GutAccordions-text Content __accordion-content\">\n                                    <p>The Site Editor makes every effort to provide Users with available and verified information and\/or tools, but cannot be held responsible for the unavailability of information and\/or the presence of a virus on its Site.<\/p>\n<p>In addition, the Publisher cannot be held responsible for information published on websites to which it provides hypertext links and for which it has no editorial control.<\/p>\n<p>For maintenance reasons, the Publisher may interrupt its Site and will endeavor to give Users prior notice.<\/p>\n<p>The User acknowledges having read these terms and conditions and undertakes to comply with them. The User acknowledges having checked that the computer configuration used is virus-free and in perfect working order. <\/p>\n<p>Finally, the Site User may not set up a hypertext link to this Site without the Site Editor&#8217;s express prior authorization.<\/p>\n\n                                <\/div>\n                                                    <\/div>\n                                            <div class=\"GutAccordions-item __accordion-parent\">\n                                                            <h2 class=\"GutAccordions-title __accordion-link\">\n                                    5. ONLINE NOTICE\n                                <\/h2>\n                                                                                        <div class=\"GutAccordions-text Content __accordion-content\">\n                                    <p>By submitting a notice using the form provided, you agree or not to the publication of this notice on this website in the manner described below:<\/p>\n<p>&#8211; Notices are published within a maximum of 30 days of their submission and kept online for a maximum of 2 years;<\/p>\n<p>&#8211; Reviews are listed in chronological order. They can also be filtered by degree of satisfaction, by language, by reference station, and by type of visit (alone, with family, as a couple, etc.); <\/p>\n<p>&#8211; Reviews cannot be modified by their author after publication;<\/p>\n<p>&#8211; Unless otherwise indicated in the vicinity of the notice, no consideration is provided for any notice;<\/p>\n<p>&#8211; The authors of the notices may be contacted by GRAND MASSIF DOMAINES SKIABLES.<\/p>\n\n                                <\/div>\n                                                    <\/div>\n                                    <\/div>\n                    <\/div>\n    <\/div>\n","protected":false},"excerpt":{"rendered":"","protected":false},"author":2,"featured_media":0,"parent":0,"menu_order":0,"comment_status":"closed","ping_status":"closed","template":"","meta":{"_acf_changed":false,"inline_featured_image":false,"footnotes":""},"class_list":["post-5029","page","type-page","status-publish","hentry"],"acf":[],"_links":{"self":[{"href":"https:\/\/www.grand-massif.com\/en\/wp-json\/wp\/v2\/pages\/5029","targetHints":{"allow":["GET"]}}],"collection":[{"href":"https:\/\/www.grand-massif.com\/en\/wp-json\/wp\/v2\/pages"}],"about":[{"href":"https:\/\/www.grand-massif.com\/en\/wp-json\/wp\/v2\/types\/page"}],"author":[{"embeddable":true,"href":"https:\/\/www.grand-massif.com\/en\/wp-json\/wp\/v2\/users\/2"}],"replies":[{"embeddable":true,"href":"https:\/\/www.grand-massif.com\/en\/wp-json\/wp\/v2\/comments?post=5029"}],"version-history":[{"count":2,"href":"https:\/\/www.grand-massif.com\/en\/wp-json\/wp\/v2\/pages\/5029\/revisions"}],"predecessor-version":[{"id":6426,"href":"https:\/\/www.grand-massif.com\/en\/wp-json\/wp\/v2\/pages\/5029\/revisions\/6426"}],"wp:attachment":[{"href":"https:\/\/www.grand-massif.com\/en\/wp-json\/wp\/v2\/media?parent=5029"}],"curies":[{"name":"wp","href":"https:\/\/api.w.org\/{rel}","templated":true}]}}